{"id":1625,"date":"2018-06-02T14:27:47","date_gmt":"2018-06-02T14:27:47","guid":{"rendered":"http:\/\/candelarquitectura.com\/estudio\/?page_id=1625"},"modified":"2024-09-30T12:13:00","modified_gmt":"2024-09-30T12:13:00","slug":"perfil","status":"publish","type":"page","link":"http:\/\/candelarquitectura.com\/estudio\/perfil\/","title":{"rendered":"Perfil"},"content":{"rendered":"\t\t<div data-elementor-type=\"wp-post\" data-elementor-id=\"1625\" class=\"elementor elementor-1625\">\n\t\t\t\t\t\t<div class=\"elementor-inner\">\n\t\t\t\t<div class=\"elementor-section-wrap\">\n\t\t\t\t\t\t\t\t\t<section class=\"elementor-section elementor-top-section elementor-element elementor-element-b735bd4 elementor-section-boxed elementor-section-height-default elementor-section-height-default\" data-id=\"b735bd4\" data-element_type=\"section\">\n\t\t\t\t\t\t<div class=\"elementor-container elementor-column-gap-default\">\n\t\t\t\t\t\t\t<div class=\"elementor-row\">\n\t\t\t\t\t<div class=\"elementor-column elementor-col-100 elementor-top-column elementor-element elementor-element-7764592\" data-id=\"7764592\" data-element_type=\"column\">\n\t\t\t<div class=\"elementor-column-wrap elementor-element-populated\">\n\t\t\t\t\t\t\t<div class=\"elementor-widget-wrap\">\n\t\t\t\t\t\t<section class=\"elementor-section elementor-inner-section elementor-element elementor-element-01bb3b2 elementor-section-boxed elementor-section-height-default elementor-section-height-default\" data-id=\"01bb3b2\" data-element_type=\"section\">\n\t\t\t\t\t\t<div class=\"elementor-container elementor-column-gap-default\">\n\t\t\t\t\t\t\t<div class=\"elementor-row\">\n\t\t\t\t\t<div class=\"elementor-column elementor-col-50 elementor-inner-column elementor-element elementor-element-4a7e381\" data-id=\"4a7e381\" data-element_type=\"column\">\n\t\t\t<div class=\"elementor-column-wrap elementor-element-populated\">\n\t\t\t\t\t\t\t<div class=\"elementor-widget-wrap\">\n\t\t\t\t\t\t<div class=\"elementor-element elementor-element-3732937 elementor-widget elementor-widget-text-editor\" data-id=\"3732937\" data-element_type=\"widget\" data-widget_type=\"text-editor.default\">\n\t\t\t\t<div class=\"elementor-widget-container\">\n\t\t\t\t\t\t\t\t<div class=\"elementor-text-editor elementor-clearfix\">\n\t\t\t\t<p><a class=\"destacopaco\">FRANCISCO CANDEL JIM\u00c9NEZ (Albacete, 1949)<\/a><\/p>\t\t\t\t\t<\/div>\n\t\t\t\t\t\t<\/div>\n\t\t\t\t<\/div>\n\t\t\t\t\t\t<\/div>\n\t\t\t\t\t<\/div>\n\t\t<\/div>\n\t\t\t\t<div class=\"elementor-column elementor-col-50 elementor-inner-column elementor-element elementor-element-c931f6f\" data-id=\"c931f6f\" data-element_type=\"column\">\n\t\t\t<div class=\"elementor-column-wrap elementor-element-populated\">\n\t\t\t\t\t\t\t<div class=\"elementor-widget-wrap\">\n\t\t\t\t\t\t<div class=\"elementor-element elementor-element-bf17406 elementor-widget elementor-widget-image\" data-id=\"bf17406\" data-element_type=\"widget\" data-widget_type=\"image.default\">\n\t\t\t\t<div class=\"elementor-widget-container\">\n\t\t\t\t\t\t\t\t<div class=\"elementor-image\">\n\t\t\t\t\t\t\t\t\t\t\t\t<img decoding=\"async\" width=\"449\" height=\"597\" src=\"http:\/\/candelarquitectura.com\/estudio\/wp-content\/uploads\/2024\/09\/foto-Paco.jpg\" class=\"attachment-large size-large wp-image-3510\" alt=\"\" loading=\"lazy\" srcset=\"http:\/\/candelarquitectura.com\/estudio\/wp-content\/uploads\/2024\/09\/foto-Paco.jpg 449w, http:\/\/candelarquitectura.com\/estudio\/wp-content\/uploads\/2024\/09\/foto-Paco-226x300.jpg 226w\" sizes=\"(max-width: 449px) 100vw, 449px\" \/>\t\t\t\t\t\t\t\t\t\t\t\t\t\t<\/div>\n\t\t\t\t\t\t<\/div>\n\t\t\t\t<\/div>\n\t\t\t\t\t\t<\/div>\n\t\t\t\t\t<\/div>\n\t\t<\/div>\n\t\t\t\t\t\t\t\t<\/div>\n\t\t\t\t\t<\/div>\n\t\t<\/section>\n\t\t\t\t<section class=\"elementor-section elementor-inner-section elementor-element elementor-element-1177689 elementor-section-boxed elementor-section-height-default elementor-section-height-default\" data-id=\"1177689\" data-element_type=\"section\">\n\t\t\t\t\t\t<div class=\"elementor-container elementor-column-gap-default\">\n\t\t\t\t\t\t\t<div class=\"elementor-row\">\n\t\t\t\t\t<div class=\"elementor-column elementor-col-100 elementor-inner-column elementor-element elementor-element-9c591df\" data-id=\"9c591df\" data-element_type=\"column\">\n\t\t\t<div class=\"elementor-column-wrap elementor-element-populated\">\n\t\t\t\t\t\t\t<div class=\"elementor-widget-wrap\">\n\t\t\t\t\t\t<div class=\"elementor-element elementor-element-df00fe4 elementor-widget elementor-widget-text-editor\" data-id=\"df00fe4\" data-element_type=\"widget\" data-widget_type=\"text-editor.default\">\n\t\t\t\t<div class=\"elementor-widget-container\">\n\t\t\t\t\t\t\t\t<div class=\"elementor-text-editor elementor-clearfix\">\n\t\t\t\t<div>\u00a0<\/div><div>Arquitecto por la Universidad de Navarra con t\u00edtulo obtenido el 21 de Octubre de 1975. Profesor de Proyectos en la Escuela Superior de Arquitectura de la Universidad Polit\u00e9cnica de Valencia entre los a\u00f1os 2000 y 2005. Desde el a\u00f1o 1978 desarrolla la actividad de Arquitecto entre Alicante, Madrid, Valencia, Murcia y Albacete colaborando puntualmente con distintos estudios de arquitectura, ha realizado m\u00e1s de 100 proyectos, entre concursos y obras esencialmente relacionados con la obra p\u00fablica.<\/div><div>\u00a0<\/div><p>De la primera \u00e9poca destacan la Tesorer\u00eda de la Seguridad Social de Sevilla y la Caja de Ahorros de Albacete encargadas mediante concurso y realizadas junto con Antonio Escario, as\u00ed como el proyecto ganador del concurso para la Sede del Colegio de Arquitectos de Albacete y la obra del Colegio de Aparejadores de Albacete junto con Juan Caballero. En Valencia y en colaboraci\u00f3n con Luis Carratal\u00e1 construye varios centros de salud, uno de ellos en Picassent que obtiene el primer premio de Arquitectura de la Comunidad Valenciana en 1991 y varios centros docentes siendo el m\u00e1s relevante por su escala y singularidad el complejo de las Escuelas de Ingenier\u00eda en Burjassot de 2011. En la Arquitectura Sanitaria destacan las obras de Reforma y Ampliaci\u00f3n de los Hospitales de Yecla y Hell\u00edn, Urgencias y Pediatr\u00eda del Hospital de Albacete y sobre todo el proyecto, actualmente en ejecuci\u00f3n del Plan Director del Hospital de Albacete concurso ganado en el Sescam en U.T.E con Alfonso Casares.\u00a0<\/p><p>Desde 2006 el estudio tiene su sede en Albacete, calle Blasco de Garay 9 (bajo), con una actividad abierta a modo de taller en donde han participado gran n\u00famero de arquitectos y estudiantes de arquitectura, en la realizaci\u00f3n de concursos o desarrollo de proyectos de obras, con un constante intercambio con otros estudios e ingenier\u00edas seg\u00fan la naturaleza de los encargos. La labor del estudio ha sido reconocida por los Premios Arquitectura de Castilla La Mancha 1986, 1995, 1999, 2000, 2005, as\u00ed como en los Premios Antol\u00f3gicos de la Arquitectura Contempor\u00e1nea en Castilla la Mancha convocados por el Foro Civitas Nova en 2007 al elegir dos de sus obras dentro de las 20 mejores obras contempor\u00e1neas, en concreto: la Ciudad Deportiva y la Vivienda y Estudio entre medianeras en Albacete.<\/p>\t\t\t\t\t<\/div>\n\t\t\t\t\t\t<\/div>\n\t\t\t\t<\/div>\n\t\t\t\t<div class=\"elementor-element elementor-element-7da45a9 elementor-widget elementor-widget-image-carousel\" data-id=\"7da45a9\" data-element_type=\"widget\" data-settings=\"{&quot;slides_to_show&quot;:&quot;1&quot;,&quot;navigation&quot;:&quot;none&quot;,&quot;autoplay&quot;:&quot;yes&quot;,&quot;pause_on_hover&quot;:&quot;yes&quot;,&quot;pause_on_interaction&quot;:&quot;yes&quot;,&quot;autoplay_speed&quot;:5000,&quot;infinite&quot;:&quot;yes&quot;,&quot;effect&quot;:&quot;slide&quot;,&quot;speed&quot;:500}\" data-widget_type=\"image-carousel.default\">\n\t\t\t\t<div class=\"elementor-widget-container\">\n\t\t\t\t\t<div class=\"elementor-image-carousel-wrapper swiper-container\" dir=\"ltr\">\n\t\t\t<div class=\"elementor-image-carousel swiper-wrapper\">\n\t\t\t\t\t\t\t\t<div class=\"swiper-slide\"><figure class=\"swiper-slide-inner\"><img decoding=\"async\" class=\"swiper-slide-image\" src=\"http:\/\/candelarquitectura.com\/estudio\/wp-content\/uploads\/2018\/05\/estudio3-768x383.jpg\" alt=\"estudio3\" \/><\/figure><\/div><div class=\"swiper-slide\"><figure class=\"swiper-slide-inner\"><img decoding=\"async\" class=\"swiper-slide-image\" src=\"http:\/\/candelarquitectura.com\/estudio\/wp-content\/uploads\/2018\/05\/estudio2-768x383.jpg\" alt=\"estudio2\" \/><\/figure><\/div><div class=\"swiper-slide\"><figure class=\"swiper-slide-inner\"><img decoding=\"async\" class=\"swiper-slide-image\" src=\"http:\/\/candelarquitectura.com\/estudio\/wp-content\/uploads\/2018\/05\/estudio1-768x383.jpg\" alt=\"estudio1\" \/><\/figure><\/div><div class=\"swiper-slide\"><figure class=\"swiper-slide-inner\"><img decoding=\"async\" class=\"swiper-slide-image\" src=\"http:\/\/candelarquitectura.com\/estudio\/wp-content\/uploads\/2018\/05\/blascogaraymem7-768x464.jpg\" alt=\"C:UsersEduDesktopWebViviendas y Estudio Blasco de GarayRet\" \/><\/figure><\/div>\t\t\t<\/div>\n\t\t\t\t\t\t\t\t\t\t\t\t\t\t\t\t<\/div>\n\t\t\t\t<\/div>\n\t\t\t\t<\/div>\n\t\t\t\t<div class=\"elementor-element elementor-element-b397e73 elementor-widget elementor-widget-text-editor\" data-id=\"b397e73\" data-element_type=\"widget\" data-widget_type=\"text-editor.default\">\n\t\t\t\t<div class=\"elementor-widget-container\">\n\t\t\t\t\t\t\t\t<div class=\"elementor-text-editor elementor-clearfix\">\n\t\t\t\t<p><strong>COLABORADORES<\/strong><\/p><p><span style=\"color: #999999;\">COLABORACIONES PUNTUALES<\/span><br \/><span style=\"color: #999999;\">ARQUITECTOS<br \/><\/span>JUAN ADRI\u00c1N BUENO \u00b7 ANTONIO ESCARIO MART\u00cdNEZ \u00b7 MIGUEL COLOMINA \u00b7 JUAN CALDUCH CERVERA \u00b7 LUIS CARRATAL\u00c1 CALVO \u00b7 IGNACIO BOSCH \u00b7 MANOLO SAN JUAN \u00b7 EMILIO LABASTIDA \u00b7 JOS\u00c9 SANTA TECLA \u00b7 ROBERTO SANTA TECLA \u00b7 JES\u00daS JAVIER EDER \u00b7 JOAQU\u00cdN MASERES \u00b7 \u00c1NGEL PACHECO \u00b7 MIGUEL LOUIS \u00b7 EMILIO S\u00c1NCHEZ \u00b7 MANUEL PEDRO S\u00c1NCHEZ \u00b7 \u00c1NGEL MART\u00cdNEZ HENARES \u00b7 REMIGIO MART\u00cdNEZ SAUS \u00b7 FELIO SERRANO \u00b7 LUIS L\u00d3PEZ FANDO \u00b7 JOAQU\u00cdN L\u00d3PEZ FANDO \u00b7 JOS\u00c9 LE\u00d3N PANIAGUA \u00b7 JUAN CABALLERO GONZ\u00c1LEZ \u00b7 TOM\u00c1S SALT\u00d3 NAVARRO \u00b7 FRANCISCO SALT\u00d3 NAVARRO \u00b7 ANTONIO PE\u00d1A \u00b7 EVA LUQUE GARC\u00cdA \u00b7 JUAN VALVERDE BLEDA \u00b7 PATRICIA VALVERDE BLEDA \u00b7 VICENTE BENEITEZ \u00b7 JES\u00daS SEMPERE DONCEL \u00b7 ANTONIO GARC\u00cdA G\u00d3MEZ \u00b7 ALFONSO CASARES \u00c1VILA \u00b7 REINALDO RU\u00cdZ Y\u00c9BENES \u00b7 BEL\u00c9N RU\u00cdZ CASARES \u00b7 PILAR NAVARRO P\u00c9REZ \u00b7 DIEGO CARRATAL\u00c1 COLLADO \u00b7 JAVIER MATOSES MERINO<\/p><p><span style=\"color: #999999;\"><br \/>COLABORADORES DEL ESTUDIO<\/span><br \/><span style=\"color: #999999;\">ARQUITECTOS<br \/><\/span>JUAN VALVERDE BLEDA \u00b7 CAROLINA PODIO S\u00c1NCHEZ \u00b7 JOS\u00c9 MART\u00cdNEZ PADILLA \u00b7 PATRICIA VALVERDE BLEDA \u00b7 MAR\u00cdA RU\u00cdZ PEDROSA \u00b7 MAR\u00cdA GALAR \u00b7 JES\u00daS SEMPERE DONCEL \u00b7 MAR\u00cdA TERESA RU\u00cdZ CEBRI\u00c1N \u00b7 FERNANDO TORRES \u00b7 EDUARDO ARMERO CARMONA \u00b7 PABLO GARC\u00cdA BLASCO \u00b7<\/p><p><span style=\"color: #999999;\"><br \/>ARQUITECTOS T\u00c9CNICOS<br \/><\/span>ESTUDIO ARQUISOL \u00b7 JAVIER ORTIZ MOD\u00c9JAR \u00b7 PEDRO VALLAR\u00cdAS P\u00c9REZ \u00b7 PATRICIA S\u00c1NCHEZ \u00b7 JUAN MART\u00cdNEZ CUENCA \u00b7 JOS\u00c9 MIGUEL SANCH\u00cdS LE\u00d3N \u00b7 PACO RASC\u00d3N RENTERO \u00b7 ALEJANDRO POVEDA \u00b7 FRANCISCO L\u00d3PEZ CANDEL \u00b7 ANDR\u00c9S MART\u00cdNEZ HERRERO \u00b7 VICENTE TARAZONA IZQUIERDO<\/p><p><span style=\"color: #999999;\"><br \/>INGENIER\u00cdA DE ESTRUCTURAS<br \/><\/span>FERCA \u00b7 OTEP INERNACIONAL S.A. \u00b7 SEG INGENIEROS \u00b7 JUAN ANTONIO PAZ PEDRE\u00d1O<\/p><p><span style=\"color: #999999;\"><br \/>INGENIER\u00cdA DE INSTALACIONES<br \/><\/span>J. PEDRO JIM\u00c9NEZ MONTEAGUDO \u00b7 GOC S.A. \u00b7 GREST S.A. \u00b7 EUGENIO RODRIG\u00c1LVAREZ \u00b7 VICENTE PERPI\u00d1\u00c1 ROVIRA \u00b7 ANDR\u00c9S CARRATAL\u00c1 COLLADO \u00b7 JOS\u00c9 GARC\u00cdA TENDERO<\/p>\t\t\t\t\t<\/div>\n\t\t\t\t\t\t<\/div>\n\t\t\t\t<\/div>\n\t\t\t\t\t\t<\/div>\n\t\t\t\t\t<\/div>\n\t\t<\/div>\n\t\t\t\t\t\t\t\t<\/div>\n\t\t\t\t\t<\/div>\n\t\t<\/section>\n\t\t\t\t\t\t<\/div>\n\t\t\t\t\t<\/div>\n\t\t<\/div>\n\t\t\t\t\t\t\t\t<\/div>\n\t\t\t\t\t<\/div>\n\t\t<\/section>\n\t\t\t\t\t\t\t\t\t<\/div>\n\t\t\t<\/div>\n\t\t\t\t\t<\/div>\n\t\t","protected":false},"excerpt":{"rendered":"<p>FRANCISCO CANDEL JIM\u00c9NEZ (Albacete, 1949) \u00a0Arquitecto por la Universidad de Navarra con t\u00edtulo obtenido el 21 de Octubre de 1975. Profesor de Proyectos en la Escuela Superior de Arquitectura de la Universidad Polit\u00e9cnica de Valencia entre los a\u00f1os 2000 y 2005. Desde el a\u00f1o 1978 desarrolla la actividad de Arquitecto entre Alicante, Madrid, Valencia, Murcia [&hellip;]<\/p>\n","protected":false},"author":1,"featured_media":0,"parent":0,"menu_order":0,"comment_status":"closed","ping_status":"closed","template":"elementor_canvas","meta":{"_genesis_hide_title":false,"_genesis_hide_breadcrumbs":false,"_genesis_hide_singular_image":false,"_genesis_hide_footer_widgets":false,"_genesis_custom_body_class":"","_genesis_custom_post_class":"","_genesis_layout":""},"_links":{"self":[{"href":"http:\/\/candelarquitectura.com\/estudio\/wp-json\/wp\/v2\/pages\/1625"}],"collection":[{"href":"http:\/\/candelarquitectura.com\/estudio\/wp-json\/wp\/v2\/pages"}],"about":[{"href":"http:\/\/candelarquitectura.com\/estudio\/wp-json\/wp\/v2\/types\/page"}],"author":[{"embeddable":true,"href":"http:\/\/candelarquitectura.com\/estudio\/wp-json\/wp\/v2\/users\/1"}],"replies":[{"embeddable":true,"href":"http:\/\/candelarquitectura.com\/estudio\/wp-json\/wp\/v2\/comments?post=1625"}],"version-history":[{"count":15,"href":"http:\/\/candelarquitectura.com\/estudio\/wp-json\/wp\/v2\/pages\/1625\/revisions"}],"predecessor-version":[{"id":3513,"href":"http:\/\/candelarquitectura.com\/estudio\/wp-json\/wp\/v2\/pages\/1625\/revisions\/3513"}],"wp:attachment":[{"href":"http:\/\/candelarquitectura.com\/estudio\/wp-json\/wp\/v2\/media?parent=1625"}],"curies":[{"name":"wp","href":"https:\/\/api.w.org\/{rel}","templated":true}]}}