{"id":1728,"date":"2018-06-03T17:59:44","date_gmt":"2018-06-03T17:59:44","guid":{"rendered":"http:\/\/candelarquitectura.com\/estudio\/?page_id=1728"},"modified":"2024-06-12T18:18:26","modified_gmt":"2024-06-12T18:18:26","slug":"publicaciones","status":"publish","type":"page","link":"http:\/\/candelarquitectura.com\/estudio\/publicaciones\/","title":{"rendered":"Publicaciones"},"content":{"rendered":"\t\t<div data-elementor-type=\"wp-post\" data-elementor-id=\"1728\" class=\"elementor elementor-1728\">\n\t\t\t\t\t\t<div class=\"elementor-inner\">\n\t\t\t\t<div class=\"elementor-section-wrap\">\n\t\t\t\t\t\t\t\t\t<section class=\"elementor-section elementor-top-section elementor-element elementor-element-a70fad8 elementor-section-boxed elementor-section-height-default elementor-section-height-default\" data-id=\"a70fad8\" data-element_type=\"section\">\n\t\t\t\t\t\t<div class=\"elementor-container elementor-column-gap-default\">\n\t\t\t\t\t\t\t<div class=\"elementor-row\">\n\t\t\t\t\t<div class=\"elementor-column elementor-col-100 elementor-top-column elementor-element elementor-element-3b3d7a5\" data-id=\"3b3d7a5\" data-element_type=\"column\">\n\t\t\t<div class=\"elementor-column-wrap elementor-element-populated\">\n\t\t\t\t\t\t\t<div class=\"elementor-widget-wrap\">\n\t\t\t\t\t\t<div class=\"elementor-element elementor-element-ea06443 elementor-widget elementor-widget-text-editor\" data-id=\"ea06443\" data-element_type=\"widget\" data-widget_type=\"text-editor.default\">\n\t\t\t\t<div class=\"elementor-widget-container\">\n\t\t\t\t\t\t\t\t<div class=\"elementor-text-editor elementor-clearfix\">\n\t\t\t\t<div><h3>ART\u00cdCULOS DE PRENSA<\/h3><hr \/><p>\u00a0<\/p><p><span style=\"text-decoration: underline;\"><a href=\"http:\/\/candelarquitectura.com\/estudio\/wp-content\/uploads\/2022\/06\/Presentacion-Feria-Albacete-2019-versio\u0301n-final.pdf\"><span style=\"color: #999999; text-decoration: underline;\">SEPTIEMBRE 2019.<\/span>\u00a0<span style=\"color: #000000; text-decoration: underline;\">CRONOLOG\u00cdA HIST\u00d3RICA EDIFICIO FERIAL EN ALBACETE.<\/span><\/a><\/span><\/p><p><a href=\"http:\/\/candelarquitectura.com\/estudio\/wp-content\/uploads\/2018\/06\/publig11-e1528049577389.jpg\"><span style=\"color: #999999; text-decoration: underline;\">JUNIO 2015<\/span>\u00a0<span style=\"color: #000000; text-decoration: underline;\">EL EDIFICIO URBANO COMO GESTO C\u00cdVICO &#8211; MAR\u00cdA ELIA GUTI\u00c9RREZ MOZO .<\/span><\/a><\/p><\/div><div><p><span style=\"text-decoration: underline;\"><a href=\"http:\/\/candelarquitectura.com\/estudio\/wp-content\/uploads\/2018\/06\/publig1-1.jpg\"><span style=\"color: #999999; text-decoration: underline;\">DICIEMBRE 2012<\/span>\u00a0<span style=\"color: #000000; text-decoration: underline;\">SOBRE EL MUSEO PROVINCIAL DE ALBACETE .<\/span><\/a><\/span><\/p><p><span style=\"text-decoration: underline;\"><a href=\"http:\/\/candelarquitectura.com\/estudio\/wp-content\/uploads\/2018\/06\/publig4-1.jpg\"><span style=\"color: #999999; text-decoration: underline;\">SEPTIEMBRE 2012<\/span>\u00a0<span style=\"color: #000000; text-decoration: underline;\">EL EDIFICIO FERIAL DE ALBACETE Y EL ENTORNO QUE LE ES PROPIO<\/span><\/a><\/span><\/p><p><span style=\"text-decoration: underline;\"><a href=\"http:\/\/candelarquitectura.com\/estudio\/wp-content\/uploads\/2018\/06\/publig7-1-e1528050549504.jpg\"><span style=\"color: #999999; text-decoration: underline;\">DICIEMBRE 2011<\/span>\u00a0<span style=\"color: #000000; text-decoration: underline;\">ACERCA DEL PROYECTO DE REFORMA Y AMPLIACI\u00d3N DEL HOSPITAL DE ALBACETE<\/span><\/a><\/span><\/p><p><span style=\"text-decoration: underline;\"><a href=\"http:\/\/candelarquitectura.com\/estudio\/wp-content\/uploads\/2018\/05\/publig3.jpg\"><span style=\"color: #999999; text-decoration: underline;\">JULIO 2011<\/span>\u00a0<span style=\"color: #000000; text-decoration: underline;\">EL \u00abCAJ\u00d3N DE SASTRE\u00bb DE LA JUSTICIA<\/span><\/a><\/span><\/p><p><span style=\"text-decoration: underline;\"><a href=\"http:\/\/candelarquitectura.com\/estudio\/wp-content\/uploads\/2018\/05\/publig8.jpg\"><span style=\"color: #999999; text-decoration: underline;\">OCTUBRE 2010<\/span>\u00a0<span style=\"color: #000000; text-decoration: underline;\">ENTREVISTA ACERCA DEL FUTURO DEL HOSPITAL DE ALBACETE<\/span><\/a><\/span><\/p><p><a href=\"http:\/\/candelarquitectura.com\/estudio\/wp-content\/uploads\/2018\/05\/publig6.jpg\"><span style=\"text-decoration: underline;\"><span style=\"color: #999999; text-decoration: underline;\">OCTUBRE 2010<\/span>\u00a0<span style=\"color: #000000; text-decoration: underline;\">ACERCA DE LAS OBRAS DE REFORMA Y AMPLIACI\u00d3N DEL HOSPITAL DE ALBACETE<\/span><\/span><\/a><\/p><p><a href=\"http:\/\/candelarquitectura.com\/estudio\/wp-content\/uploads\/2018\/05\/publig2.jpg\"><span style=\"text-decoration: underline;\"><span style=\"color: #999999; text-decoration: underline;\">NOVIEMBRE 2007<\/span>\u00a0<span style=\"color: #000000; text-decoration: underline;\">ACERCA DEL PREMIO A LA INTEGRACI\u00d3N PAISAJ\u00cdSTICA A LA CASA PERI<\/span><span style=\"color: #000000; text-decoration: underline;\">CO<\/span><\/span><\/a><\/p><p><span style=\"text-decoration: underline;\"><a href=\"http:\/\/candelarquitectura.com\/estudio\/wp-content\/uploads\/2018\/05\/publig5.jpg\"><span style=\"color: #999999; text-decoration: underline;\">FEBRERO 2007<\/span>\u00a0<span style=\"color: #000000; text-decoration: underline;\">ACERCA DE LOS GALARDONES EN LOS PREMIOS FOTO CIVITAS NOVA 2007<\/span><\/a><\/span><\/p><p><span style=\"text-decoration: underline;\"><a href=\"http:\/\/candelarquitectura.com\/estudio\/wp-content\/uploads\/2018\/05\/publig9.jpg\"><span style=\"color: #999999; text-decoration: underline;\">JULIO 2001<\/span>\u00a0<span style=\"color: #000000; text-decoration: underline;\">SOBRE EL ANTEPROYECTO DEL PALACIO DE CONGRESOS<\/span><\/a><\/span><\/p><p><a><span style=\"color: #999999;\">JULIO 2000<\/span>\u00a0<\/a><a>SOBRE EL PALACIO DE EXPOSICIONES Y CONGRESOS<\/a><\/p><p><a><span style=\"color: #999999;\">JULIO 2000<\/span>\u00a0<\/a><a>SOBRE LA FALTA DE IMPULSO DE ALGUNAS ADMINISTRACIONES P\u00daBLICAS<\/a><\/p><p><a><span style=\"color: #999999;\">JULIO 2000<\/span>\u00a0<\/a><a>CONSIDERACIONES SOBRE EL VALOR DE LA ARQUITECTURA EN LA CONSTRUCCI\u00d3N DE LA CIUDAD<\/a><\/p><p><a><span style=\"color: #999999;\">JULIO 2000<\/span>\u00a0<\/a><a>ACERCA DEL PREMIO DE ARQUITECTURA DEL COACM, POR LA REHABILITACI\u00d3N DEL \u00abGRAN HOTEL\u00bb DE ALBACETE<\/a><\/p><p><a><span style=\"color: #999999;\">MARZO 1999<\/span>\u00a0<\/a><a>ACERCA DEL PREMIO DE ARQUITECTURA DEL COACM, POR LA CIUDAD DEPORTIVA DE ALBACETE<\/a><\/p><p><a href=\"http:\/\/candelarquitectura.com\/estudio\/wp-content\/uploads\/2018\/05\/publig10.jpg\"><span style=\"text-decoration: underline;\"><span style=\"color: #999999; text-decoration: underline;\">FEBRERO 1999<\/span>\u00a0<span style=\"color: #000000; text-decoration: underline;\">ACERCA DE LA CIUDAD DEPORTIVA DE ALBACETE<\/span><\/span><\/a><\/p><p><a><span style=\"color: #999999;\">MAYO 1998<\/span>\u00a0<\/a><a>NUEVA POL\u00c9MICA SOBRE LA REMODELACI\u00d3N DEL ESTADIO MUNICIPAL<\/a><\/p><p><a><span style=\"color: #999999;\">MAYO 1997<\/span>\u00a0<\/a><a>SOBRE LA REMODELACI\u00d3N DEL ESTADIO MUNICIPAL<\/a><\/p><p><a><span style=\"color: #999999;\">JULIO 1995<\/span>\u00a0<\/a><a>ACERCA DEL PREMIO DE ARQUITECTURA DEL COACM, POR EL CENTRO DE SALUD DE LA RODA (ALBACETE)<\/a><\/p><p><a><span style=\"color: #999999;\">FEBRERO 1994<\/span>\u00a0<\/a><a>ACERCA DEL PREMIO DE ARQUITECTURA DEL COAV, POR EL CENTRO DE SALUD DE PICASSENT<\/a><\/p><p><a><span style=\"color: #999999;\">DICIEMBRE 1993<\/span>\u00a0<\/a><a>SOBRE LAS OBRAS DEL EDIFICIO DE LA CAJA DE AHORROS<\/a><\/p><p><a><span style=\"color: #999999;\">AGOSTO 1992<\/span>\u00a0<\/a><a>SOBRE LA REHABILITACI\u00d3N DE LOS EDIFICIOS A CUENTA DE LA NUEVA SEDE DE LA CAJA DE AHORROS DE ALBACETE<\/a><\/p><p><a><span style=\"color: #999999;\">ENERO 1986<\/span>\u00a0<\/a><a>SOBRE LA POL\u00c9MICA DE LA PLAZA MAYOR DE ALBACETE<\/a><\/p><p><a><span style=\"color: #999999;\">MAYO 1985<\/span>\u00a0<\/a><a>SOBRE LA NECESIDAD DE LOS CONCURSOS P\u00daBLICOS<\/a><\/p><p><a><span style=\"color: #999999;\">ABRIL 1984<\/span>\u00a0<\/a><a>SOBRE LA PLAZA NUEVA. INFORMACI\u00d3N (ALICANTE)<\/a><\/p><p><a><span style=\"color: #999999;\">SEPTIEMBRE 1983<\/span>\u00a0<\/a><a>RECURSO CONTRA EL CONCURSO DEL BICENTENARIO DEL EDIFICIO FERIAL DE ALBACETE<\/a><\/p><h3>\u00a0<\/h3><h3>OBRA PUBLICADA<\/h3><hr \/><p><a><span style=\"color: #999999;\">\u00a0<\/span><\/a><\/p><p>\u00a0<\/p><p>2024 I EDICI\u00d3N PREMIOS DE ARQUITECTURA Y URBANISMO DE CASTILLA LA MANCHA: EDIFICIO DE VIVIENDAS EN OCTAVIO CUARTERO<\/p><p>2024 I EDICI\u00d3N PREMIOS DE ARQUITECTURA Y URBANISMO DE CASTILLA LA MANCHA: CASA PABELL\u00d3N EN ALBACETE<\/p><p><span style=\"text-decoration: underline;\"><span style=\"color: #333333;\"><a style=\"color: #333333;\" href=\"http:\/\/candelarquitectura.com\/estudio\/wp-content\/uploads\/2019\/11\/COACMAB-Conferencia-de-Francisco-Candel-Jime\u0301nez.jpg\"><b>2019 PRESENTACI\u00d3N PROYECTO HOSPITAL DE ALBACETE EN COACMP<\/b><\/a><\/span><\/span><\/p><p style=\"font-weight: 400;\"><span style=\"color: #999999;\"><strong>2014<\/strong><\/span>\u00a0<strong>REVISTA DE ARQUITECTURA EN BLANCO. N\u00ba 14\/2014. VIVIENDAS EN OCTAVIO CUARTERO.<\/strong><\/p><p style=\"font-weight: 400;\"><strong><span style=\"color: #999999;\">2012<\/span><\/strong>\u00a0<strong>SANJOS\u00c9 CONSTRUCTORA Y UNIVERSIDAD DE VALENCIA. ESCUELA DE INGENIER\u00cdA EN BURJASSOT.<\/strong><\/p><p><a><span style=\"color: #999999;\">2009<\/span>\u00a0<\/a><a>SESCAM. ARQUITECTURA SANITARIA EN C-LM. REFORMA HOSPITAL DE HELL\u00cdN Y PLANTA DE HOSPITALIZACI\u00d3N DEL HOSPITAL DE ALBACETE<\/a><\/p><p><a><span style=\"color: #999999;\">2008<\/span>\u00a0<\/a><a>SESCAM. ARQUITECTURA SANITARIA EN C-LM. AMPLIACI\u00d3N DEL HOSPITAL DE HELL\u00cdN<\/a><\/p><p><a><span style=\"color: #999999;\">2007<\/span>\u00a0<\/a><a>C-LM. ARQUITECTURA, TERRITORIO, IDENTIDAD. VIVIENDAS Y ESTUDIO ENTRE MEDIANERAS Y CIUDAD DEPORTIVA<\/a><\/p><p><a><span style=\"color: #999999;\">2007<\/span>\u00a0<\/a><a>PREMIOS FORO CIVITAS NOVA 2007<\/a><\/p><p><a><span style=\"color: #999999;\">2007<\/span>\u00a0<\/a><a>PREMIOS C-LM ARQUITECTURA 2007. CASA DE PERICO<\/a><\/p><p><a><span style=\"color: #999999;\">2006<\/span>\u00a0<\/a><a>SESCAM. ARQUITECTURA SANITARIA EN C-LM. REFORMA URGENCIAS DEL HOSPITAL DE ALBACETE<\/a><\/p><p><span style=\"color: #999999;\"><a style=\"color: #999999;\">2006\u00a0<\/a><\/span><a>CONSEJO SUPERIOR DE ARQUITECTOS. N\u00daMERO 17. GU\u00cdA DE ARQUITECTURA DE C-LM<\/a><\/p><p><span style=\"color: #999999;\"><a style=\"color: #999999;\">2005\u00a0<\/a><\/span><a>SESCAM. ARQUITECTURA SANITARIA EN C-LM. REFORMA URGENCIAS DEL HOSPITAL DE ALBACETE<\/a><\/p><p><a><span style=\"color: #999999;\">2005<\/span>\u00a0<\/a><a>PUBLICACI\u00d3N COACM. PREMIOS DE ARQUITECTURA 2005. TERCER PREMIO. ESTUDIO Y VIVIENDAS ENTRE MEDIANERAS EN ALBACETE. P\u00c1G 22-27<\/a><\/p><p><a><span style=\"color: #999999;\">2005<\/span>\u00a0<\/a><a>SESCAM. ARQUITECTURA SANITARIA EN C-LM. 2002-2005. REFORMA Y AMPLIACI\u00d3N DE URGENCIAS Y HOSPITAL DE D\u00cdA DEL HOSPITAL DE ALBACETE. P\u00c1G 8-13<\/a><\/p><p><span style=\"color: #999999;\"><a style=\"color: #999999;\">2005\u00a0<\/a><\/span><a>REVISTA DISE\u00d1ART. N\u00daMERO 1. VIVIENDAS Y ESTUDIO ENTRE MEDIANERAS EN ALBACETE<\/a><\/p><p><a><span style=\"color: #999999;\">2005<\/span>\u00a0<\/a><a>VIVIENDA UNIFAMILIAR. EDITORIAL PENCIL. VIVIENDAS Y ESTUDIO ENTRE MEDIANERAS EN ALBACETE. P\u00c1G 50-61<\/a><\/p><p><a><span style=\"color: #999999;\">2005<\/span>\u00a0<\/a><a>CREAR, DISE\u00d1AR Y EDUCAR. EDITA GENERALITAT VALENCIANA. IES DOCTOR PESET ALEXANDER EN PATERNA (VALENCIA). P\u00c1G 122-124<\/a><\/p><p><a><span style=\"color: #999999;\">2005<\/span>\u00a0<\/a><a>PREMIOS C-LM ARQUITECTURA 2005. VIVIENDAS Y ESTUDIO ENTRE MEDIANERAS EN ALBACETE<\/a><\/p><p><a><span style=\"color: #999999;\">2005<\/span>\u00a0<\/a><a>ARQUITECTOS 177. GU\u00cdA DE ARQUITECTURA DE C-L.M. P\u00c1GS 83 Y 100<\/a><\/p><p><a><span style=\"color: #999999;\">2004<\/span>\u00a0<\/a><a>SPAIN UNIQUE ARCHITECTURE. EDITORIAL PENCIL. SEDE DE LA TESORER\u00cdA TERRITORIAL DE LA SEGURIDAD SOCIAL EN SEVILLA. P\u00c1G. 266-281<\/a><\/p><p><a><span style=\"color: #999999;\">2003<\/span>\u00a0<\/a><a>PREMIOS C-LM ARQUITECTURA 2003. COLEGIO DE APAREJADORES<\/a><\/p><p><a><span style=\"color: #999999;\">2000<\/span>\u00a0<\/a><a>HOSPITALES. LA ARQUITECTURA DEL INSALUD 2. 1986-2000. HOSPITAL VIRGEN DEL CASTILLO DE YECLA (MURCIA). P\u00c1G. 239<\/a><\/p><p><a><span style=\"color: #999999;\">2000<\/span>\u00a0<\/a><a>HOSPITALES. LA ARQUITECTURA DEL INSALUD 1. 1986-2000. HOSPITAL VIRGEN DEL PERPETUO SOCORRO EN ALBACETE. P\u00c1G. 160-167<\/a><\/p><p><a><span style=\"color: #999999;\">2000<\/span>\u00a0<\/a><a>PUBLICACI\u00d3N COACM. PREMIOS DE ARQUITECTURA 2000. TERCER PREMIO. REHABILITACI\u00d3N DEL \u00abGRAN HOTEL\u00bb DE ALBACETE. P\u00c1G. 6-9<\/a><\/p><p><a><span style=\"color: #999999;\">1999<\/span>\u00a0<\/a><a>CERCHA. N\u00daMERO 49. HOSPITAL DE NUESTRA SE\u00d1ORA DEL PERPETUO SOCORRO EN ALBACETE. P\u00c1G. 25<\/a><\/p><p><a><span style=\"color: #999999;\">1999<\/span>\u00a0<\/a><a>JUNTA DE COMUNIDADES DE C-LM. PREMIOS DE ARQUITECTURA 1999. SEGUNDO PREMIO. CIUDAD DEPORTIVA DE ALBACETE. P\u00c1G. 16-18<\/a><\/p><p><a><span style=\"color: #999999;\">1998<\/span>\u00a0<\/a><a>CONSEJO SUPERIOR DE ARQUITECTOS. N\u00daMERO 146. CENTRO INTEGRADO DE EQUIPAMIENTOS ZONA SUR EN VALLADOLID<\/a><\/p><p><a><span style=\"color: #999999;\">1998<\/span>\u00a0<\/a><a>COMUNIDAD VALENCIANA. ARQUITECTURA DE LOS 90. CENTRO DE SALUD DE PICASSENT. P\u00c1G. 42-47<\/a><\/p><p><a><span style=\"color: #999999;\">1998<\/span>\u00a0<\/a><a>CUADERNOS \u00abTC\u00bb. N\u00daMERO 33. CENTRO INTEGRADO DE EQUIPAMIENTOS ZONA SUR EN VALLADOLID. 2\u00ba PREMIO. P\u00c1G. 37 Y 38<\/a><\/p><p><a><span style=\"color: #999999;\">1998<\/span>\u00a0<\/a><a>ARQUITECTOS 146, CENTRO INTEGRADO DE EQUIPAMIENTOS EN VALLADOLID.<\/a><\/p><p><a><span style=\"color: #999999;\">1997<\/span>\u00a0<\/a><a>HOSPITAL DE NUESTRA SE\u00d1ORA DEL PERPETUO SOCORRO. PUBLICADO POR INSALUD<\/a><\/p><p><a><span style=\"color: #999999;\">1995<\/span>\u00a0<\/a><a>PUBLICACI\u00d3N OFICIAL COACM. PREMIOS DE ARQUITECTURA 1995. PRIMER PREMIO. CENTRO DE SALUD DE LA RODA (ALBACETE)<\/a><\/p><p><a><span style=\"color: #999999;\">1995<\/span>\u00a0<\/a><a>CERCHA. N\u00daMERO 31. TESORER\u00cdA DE LA SEGURIDAD SOCIAL EN SEVILLA. P\u00c1G.54-59<\/a><\/p><p><a><span style=\"color: #999999;\">1995<\/span>\u00a0<\/a><a>CUADERNOS \u00abTC\u00bb. N\u00daMERO 25. CENTRO DE SALUD DE PICASSENT. P\u00c1G.22-25<\/a><\/p><p><a><span style=\"color: #999999;\">1995<\/span>\u00a0<\/a><a>REVISTA OPINI\u00d3N. N\u00daMERO 7. PREMIO DE ARQUITECTURA 1995. CENTRO DE SALUD DE LA RODA (ALBACETE)<\/a><\/p><p><a><span style=\"color: #999999;\">1995<\/span>\u00a0<\/a><a>TRIBUNA DE ARQUITECTURA (JOAQU\u00cdN ARNAU AMO). SEDE DE LA C.C.M EN ALBACETE. P\u00c1G 183-187<\/a><\/p><p><a><span style=\"color: #999999;\">1992<\/span>\u00a0<\/a><a>PUBLICACI\u00d3N OFICIAL COACM. 2\u00ba PREMIO (PRIMER PREMIO DESIERTO). ANTEPROYECTOS SEDE DEL COLEGIO DE ARQUITECTOS DE ALBACETE<\/a><\/p><p><a><span style=\"color: #999999;\">1991<\/span>\u00a0<\/a><a>ARQUITECTURA VALENCIANA DE LA D\u00c9CADA DE LOS 80. CENTRO DE SALUD DE PICASSENT. P\u00c1G. 176-181<\/a><\/p><p><a><span style=\"color: #999999;\">1991<\/span>\u00a0<\/a><a>ARQUITECTURA SANIT\u00c0RIA VALENCIANA. PROJECTES I OBRES. CENTRO DE SALUD DE PICASSENT. P\u00c1G. 150-154<\/a><\/p><p><a><span style=\"color: #999999;\">1990<\/span>\u00a0<\/a><a>PUBLICACI\u00d3N DEL COACV. ARQUITECTURA MEDITERR\u00c1NEA. BIBLIOTECA DE BURJASSOT (VALENCIA). P\u00c1G. 24-26<\/a><\/p><p><a><span style=\"color: #999999;\">1986<\/span>\u00a0<\/a><a>PUBLICACI\u00d3N DEL COACM. PREMIOS DE ARQUITECTURA 1986. MENCI\u00d3N DE HONOR DEL CENTRO DE E.G.B. EN ALBACETE<\/a><\/p><p><a><span style=\"color: #999999;\">1983<\/span>\u00a0<\/a><a>MOPU. SOLUCIONES ARQUITECT\u00d3NICAS DE VIVIENDAS EN MEDIO RURAL. PRIMER PREMIO. ALBACETE<\/a><\/p><p><a><span style=\"color: #999999;\">1980<\/span>\u00a0<\/a><a>ARQUITECTURA. CONCURSO DE IDEAS PARA \u00abCENTRO C\u00cdVICO\u00bb LA VAGUADA (MADRID). P\u00c1G. 20. TERCERA MENCI\u00d3N<br \/><\/a><\/p><\/div>\t\t\t\t\t<\/div>\n\t\t\t\t\t\t<\/div>\n\t\t\t\t<\/div>\n\t\t\t\t\t\t<\/div>\n\t\t\t\t\t<\/div>\n\t\t<\/div>\n\t\t\t\t\t\t\t\t<\/div>\n\t\t\t\t\t<\/div>\n\t\t<\/section>\n\t\t\t\t\t\t\t\t\t<\/div>\n\t\t\t<\/div>\n\t\t\t\t\t<\/div>\n\t\t","protected":false},"excerpt":{"rendered":"<p>ART\u00cdCULOS DE PRENSA \u00a0 SEPTIEMBRE 2019.\u00a0CRONOLOG\u00cdA HIST\u00d3RICA EDIFICIO FERIAL EN ALBACETE. JUNIO 2015\u00a0EL EDIFICIO URBANO COMO GESTO C\u00cdVICO &#8211; MAR\u00cdA ELIA GUTI\u00c9RREZ MOZO . DICIEMBRE 2012\u00a0SOBRE EL MUSEO PROVINCIAL DE ALBACETE . SEPTIEMBRE 2012\u00a0EL EDIFICIO FERIAL DE ALBACETE Y EL ENTORNO QUE LE ES PROPIO DICIEMBRE 2011\u00a0ACERCA DEL PROYECTO DE REFORMA Y AMPLIACI\u00d3N DEL HOSPITAL [&hellip;]<\/p>\n","protected":false},"author":1,"featured_media":0,"parent":0,"menu_order":0,"comment_status":"closed","ping_status":"closed","template":"elementor_canvas","meta":{"_genesis_hide_title":false,"_genesis_hide_breadcrumbs":false,"_genesis_hide_singular_image":false,"_genesis_hide_footer_widgets":false,"_genesis_custom_body_class":"","_genesis_custom_post_class":"","_genesis_layout":""},"_links":{"self":[{"href":"http:\/\/candelarquitectura.com\/estudio\/wp-json\/wp\/v2\/pages\/1728"}],"collection":[{"href":"http:\/\/candelarquitectura.com\/estudio\/wp-json\/wp\/v2\/pages"}],"about":[{"href":"http:\/\/candelarquitectura.com\/estudio\/wp-json\/wp\/v2\/types\/page"}],"author":[{"embeddable":true,"href":"http:\/\/candelarquitectura.com\/estudio\/wp-json\/wp\/v2\/users\/1"}],"replies":[{"embeddable":true,"href":"http:\/\/candelarquitectura.com\/estudio\/wp-json\/wp\/v2\/comments?post=1728"}],"version-history":[{"count":27,"href":"http:\/\/candelarquitectura.com\/estudio\/wp-json\/wp\/v2\/pages\/1728\/revisions"}],"predecessor-version":[{"id":3482,"href":"http:\/\/candelarquitectura.com\/estudio\/wp-json\/wp\/v2\/pages\/1728\/revisions\/3482"}],"wp:attachment":[{"href":"http:\/\/candelarquitectura.com\/estudio\/wp-json\/wp\/v2\/media?parent=1728"}],"curies":[{"name":"wp","href":"https:\/\/api.w.org\/{rel}","templated":true}]}}