{"id":1635,"date":"2018-06-02T14:49:49","date_gmt":"2018-06-02T14:49:49","guid":{"rendered":"http:\/\/candelarquitectura.com\/estudio\/?page_id=1635"},"modified":"2024-06-12T18:23:02","modified_gmt":"2024-06-12T18:23:02","slug":"premios","status":"publish","type":"page","link":"https:\/\/candelarquitectura.com\/estudio\/premios\/","title":{"rendered":"Premios"},"content":{"rendered":"\t\t<div data-elementor-type=\"wp-post\" data-elementor-id=\"1635\" class=\"elementor elementor-1635\">\n\t\t\t\t\t\t<div class=\"elementor-inner\">\n\t\t\t\t<div class=\"elementor-section-wrap\">\n\t\t\t\t\t\t\t\t\t<section class=\"elementor-section elementor-top-section elementor-element elementor-element-0cc8fbd elementor-section-stretched elementor-section-boxed elementor-section-height-default elementor-section-height-default\" data-id=\"0cc8fbd\" data-element_type=\"section\" data-settings=\"{&quot;stretch_section&quot;:&quot;section-stretched&quot;}\">\n\t\t\t\t\t\t<div class=\"elementor-container elementor-column-gap-default\">\n\t\t\t\t\t\t\t<div class=\"elementor-row\">\n\t\t\t\t\t<div class=\"elementor-column elementor-col-100 elementor-top-column elementor-element elementor-element-2ac5a0c\" data-id=\"2ac5a0c\" data-element_type=\"column\">\n\t\t\t<div class=\"elementor-column-wrap elementor-element-populated\">\n\t\t\t\t\t\t\t<div class=\"elementor-widget-wrap\">\n\t\t\t\t\t\t<div class=\"elementor-element elementor-element-9c2fe96 elementor-widget elementor-widget-text-editor\" data-id=\"9c2fe96\" data-element_type=\"widget\" data-widget_type=\"text-editor.default\">\n\t\t\t\t<div class=\"elementor-widget-container\">\n\t\t\t\t\t\t\t\t<div class=\"elementor-text-editor elementor-clearfix\">\n\t\t\t\t<h3><span style=\"color: #808080;\">OBRA PREMIADA Y RECONOCIDA<\/span><\/h3><hr \/><p><strong>\u00a0<\/strong><\/p><p><b>PREMIO PERMANENCIA COACM ARQUITECTURA OBRAS CON M\u00c1S DE 20 A\u00d1OS DE ANTIG\u00dcEDAD EN CASTILLA LA MANCHA: <\/b>COLEGIO OFICIAL DE APAREJADORES DE ALBACETE<br \/><strong>PREMIO EXTRAORDINARIO COACM ARQUITECTURA 2010-2019 EN CASTILLA LA MANCHA<\/strong> VIVIENDAS EN OCTAVIO CUARTERO 2011<br \/><strong>FINALISTA PREMIOS COACM ARQUITECTURA 2020<\/strong> CASA PABELL\u00d3N EN ALBACETE 2020<br \/><strong>MENCI\u00d3N EN LOS PREMIOS DE ARQUITECTURA DEL COACV 2010-2011-2012<\/strong>\u00a0 \u00a0ESCUELA T\u00c9CNICA SUPERIOR DE INGENIER\u00cdA (ETSE) DEL CAMPUS DE BURJASSOT (PATERNA) 2013<br \/><strong>1\u00ba PREMIO A LA INTEGRACI\u00d3N PAISAJ\u00cdSTICA EN C.LM. DE FORO CIVITAS NOVA 2007<\/strong>\u00a0 \u00a0VIVIENDA UNIFAMILIAR EN CHINCHILLA (ALBACETE) 2007<br \/><strong>PREMIOS ANTOL\u00d3GICOS FORO CIVITAS NOVA 2007<\/strong>\u00a0 VIVIENDAS Y ESTUDIO EN ALBACETE 2007<br \/><strong>PREMIOS ANTOL\u00d3GICOS FORO CIVITAS NOVA 2007<\/strong>\u00a0 CIUDAD DEPORTIVA DE ALBACETE 2007<br \/><strong>3\u00ba PREMIO DE ARQUITECTURA DE CASTILLA LA MANCHA 2005<\/strong>\u00a0 VIVIENDAS Y ESTUDIO EN ALBACETE 2005<br \/><strong>20 MEJORES OBRAS ARQUITECTURA CONTEMPORANEA EN C.L.M.<\/strong>\u00a0 VIVIENDAS Y ESTUDIO EN ALBACETE 2005<br \/><strong>20 MEJORES OBRAS ARQUITECTURA CONTEMPORANEA EN C.L.M.\u00a0\u00a0<\/strong>CIUDAD DEPORTIVA DE ALBACETE 2005<br \/><strong>\u00c1CCESIT PREMIOS DE ARQUITECTURA DE CASTILLA LA MANCHA 2003\u00a0<\/strong>\u00a0 SEDE DEL COLEGIO OFICIAL DE APAREJADORES Y ARQUITECTOS T\u00c9CNICOS 2003<br \/><strong>3\u00ba PREMIO DE ARQUITECTURA DE CASTILLA LA MANCHA 2000<\/strong>\u00a0 \u00a0RESTAURACI\u00d3N DEL EDIFICIO GRAN HOTEL DE ALBACETE 2000<br \/><strong>2\u00ba PREMIO DE ARQUITECTURA DE CASTILLA LA MANCHA 1999\u00a0\u00a0<\/strong> CIUDAD DEPORTIVA DE ALBACETE 1999<br \/><strong>1\u00ba PREMIO DE ARQUITECTURA DE CASTILLA LA MANCHA 1995<\/strong> .\u00a0 CENTRO DE SALUD DE LA RODA (ALBACETE) 1995<br \/><strong>1\u00ba PREMIO DE ARQUITECTURA DE LA COMUNIDAD VALENCIANA 1991 .\u00a0\u00a0<\/strong>CENTRO DE SALUD DE PICASSENT (VALENCIA) 1991<br \/><strong>MENCI\u00d3N DE HONOR DE ARQUITECTURA DE CASTILLA LA MANCHA 1986 .\u00a0\u00a0<\/strong>COLEGIO 8 UNIDADES DE EGB 1986<\/p><p>\u00a0<\/p><h3>PREMIOS EN CONCURSOS<\/h3><hr \/><p><strong><br \/>MENCI\u00d3N CONCURSO EDIFICIO MULTICULTURAL EN BENITACHEL, ALICANTE\u00a0 <\/strong>2016<strong><br \/>1\u00ba PREMIO (ARQUITECTURA) CONCURSO DE IDEAS .<\/strong>\u00a0 35 VIVIENDAS VPO EN ALMER\u00cdA 2014<br \/><strong>1\u00ba PREMIO CONCURSO DE IDEASAMPLIACI\u00d3N Y REFORMA DEL HOSPITAL DE ALBACETE\u00a0 \u00a0<\/strong>2009<br \/><strong>1\u00ba PREMIO CONCURSO DE IDEASAMPLIACI\u00d3N Y REFORMA DEL HOSPITAL DE HELL\u00cdN (ALBACETE)\u00a0 \u00a0<\/strong>2003<br \/><strong>2\u00ba PREMIO CONCURSO DE IDEASREHABILITACI\u00d3N DEL EDIFICIO \u00abF\u00c1BRICA DE HARINAS\u00bb EN ALBACETE\u00a0 \u00a0<\/strong>2000<br \/><strong>1\u00ba PREMIO CONCURSO DE IDEASREFORMA Y AMPLIACI\u00d3N DEL HOSPITAL VIRGEN DEL CASTILLO EN YECLA (MURCIA)\u00a0 \u00a0<\/strong>1999<br \/><strong>2\u00ba PREMIO CONCURSO DE IDEASC. INTEGRADO DE EQUIPAMIENTO DE LA ZONA SUR DE VALLADOLID<\/strong> .\u00a0 \u00a01997<br \/><strong>FINALISTA CONCURSO DE IDEAS CENTRO DE SALUD ZONA VI DE ALBACETE\u00a0<\/strong> \u00a0 \u00a01996<br \/><strong>FINALISTA CONCURSO DE IDEAS SEDE DE LA TESORER\u00cdA GENERAL DE ALMER\u00cdA .<\/strong>\u00a0 1994<br \/><strong>GANADOR CONCURSO DE IDEASSEDE DE LA DELEGACI\u00d3N DE ALBACETE DEL COACM<\/strong>\u00a0 \u00a0 1992<br \/><strong>1\u00ba PREMIO CONCURSO DE IDEASSEDE DEL COLEGIO OFICIAL DE APAREJADORES Y ARQUITECTOS T\u00c9CNICOS<\/strong>\u00a0 \u00a0 1992<br \/><strong>1\u00ba PREMIO CONCURSO DE IDEAS20 VIVIENDAS EN LA SEDE DEL COLEGIO OFICIAL DE APAREJADORES<\/strong>\u00a0 \u00a0 1992<br \/><strong>1\u00ba PREMIO CONCURSO DE IDEASEDIFICIO TESORER\u00cdA GENERAL DE SEVILLA<\/strong>\u00a0 \u00a01990<br \/><strong>1\u00ba PREMIO CONCURSO DE IDEASNUEVA SEDE CENTRAL DE CAJA CASTILLA LA MANCHA<\/strong>\u00a0 \u00a01989<br \/><strong>MENCI\u00d3N HONOR\u00cdFICAAMPLIACI\u00d3N DEL AYUNTAMIENTO DE ALICANTE<\/strong>\u00a0 \u00a01988<br \/><strong>1\u00ba PREMIO CONCURSO DE IDEASCENTRO DE SALUD DE LA RODA (ALBACETE)<\/strong>\u00a0 \u00a01985<br \/><strong>MENCI\u00d3N HONOR\u00cdFICANUEVA SEDE DEL AYUNTAMIENTO DE ALBACETE<\/strong>\u00a0 \u00a01984<br \/><strong>1\u00ba PREMIO CONCURSO DE IDEASVIVIENDAS RURALES EN ALBACETE<\/strong>\u00a0 \u00a0 1983<br \/><strong>1\u00ba PREMIO CONCURSO DE IDEASREMODELACI\u00d3N EJE CALLE MAYOR (ALBACETE)<\/strong>\u00a0 \u00a01982<br \/><strong>3\u00aa MENCI\u00d3N HONOR\u00cdFICACENTRO C\u00cdVICO DE LA VAGUADA (MADRID)<\/strong>\u00a0 \u00a01980<br \/><strong>2\u00ba PREMIO CONCURSO DE IDEASRESIDENCIA DE ANCIANOS EN PAMPLONA<\/strong>\u00a0 \u00a01973<\/p>\t\t\t\t\t<\/div>\n\t\t\t\t\t\t<\/div>\n\t\t\t\t<\/div>\n\t\t\t\t\t\t<\/div>\n\t\t\t\t\t<\/div>\n\t\t<\/div>\n\t\t\t\t\t\t\t\t<\/div>\n\t\t\t\t\t<\/div>\n\t\t<\/section>\n\t\t\t\t\t\t\t\t\t<\/div>\n\t\t\t<\/div>\n\t\t\t\t\t<\/div>\n\t\t","protected":false},"excerpt":{"rendered":"<p>OBRA PREMIADA Y RECONOCIDA \u00a0 PREMIO PERMANENCIA COACM ARQUITECTURA OBRAS CON M\u00c1S DE 20 A\u00d1OS DE ANTIG\u00dcEDAD EN CASTILLA LA MANCHA: COLEGIO OFICIAL DE APAREJADORES DE ALBACETEPREMIO EXTRAORDINARIO COACM ARQUITECTURA 2010-2019 EN CASTILLA LA MANCHA VIVIENDAS EN OCTAVIO CUARTERO 2011FINALISTA PREMIOS COACM ARQUITECTURA 2020 CASA PABELL\u00d3N EN ALBACETE 2020MENCI\u00d3N EN LOS PREMIOS DE ARQUITECTURA DEL [&hellip;]<\/p>\n","protected":false},"author":1,"featured_media":0,"parent":0,"menu_order":0,"comment_status":"closed","ping_status":"closed","template":"elementor_canvas","meta":{"_genesis_hide_title":false,"_genesis_hide_breadcrumbs":false,"_genesis_hide_singular_image":false,"_genesis_hide_footer_widgets":false,"_genesis_custom_body_class":"","_genesis_custom_post_class":"","_genesis_layout":""},"_links":{"self":[{"href":"https:\/\/candelarquitectura.com\/estudio\/wp-json\/wp\/v2\/pages\/1635"}],"collection":[{"href":"https:\/\/candelarquitectura.com\/estudio\/wp-json\/wp\/v2\/pages"}],"about":[{"href":"https:\/\/candelarquitectura.com\/estudio\/wp-json\/wp\/v2\/types\/page"}],"author":[{"embeddable":true,"href":"https:\/\/candelarquitectura.com\/estudio\/wp-json\/wp\/v2\/users\/1"}],"replies":[{"embeddable":true,"href":"https:\/\/candelarquitectura.com\/estudio\/wp-json\/wp\/v2\/comments?post=1635"}],"version-history":[{"count":16,"href":"https:\/\/candelarquitectura.com\/estudio\/wp-json\/wp\/v2\/pages\/1635\/revisions"}],"predecessor-version":[{"id":3488,"href":"https:\/\/candelarquitectura.com\/estudio\/wp-json\/wp\/v2\/pages\/1635\/revisions\/3488"}],"wp:attachment":[{"href":"https:\/\/candelarquitectura.com\/estudio\/wp-json\/wp\/v2\/media?parent=1635"}],"curies":[{"name":"wp","href":"https:\/\/api.w.org\/{rel}","templated":true}]}}